{"id":48,"date":"2019-12-27T20:26:49","date_gmt":"2019-12-27T19:26:49","guid":{"rendered":"http:\/\/neu.afkdo-pottenstein.at\/?page_id=48"},"modified":"2021-06-22T08:35:19","modified_gmt":"2021-06-22T07:35:19","slug":"nutzungsbedingungen","status":"publish","type":"page","link":"https:\/\/afkdo-pottenstein.at\/?page_id=48","title":{"rendered":"Nutzungsbedingungen"},"content":{"rendered":"\n<h3 class=\"wp-block-heading\">Links<\/h3>\n\n\n\n<p>Die Website www.afkdo-pottenstein.at stellt Informationen und Daten auch mittels Hyperlinks, Informationen anderer Websites zur Verf\u00fcgung. Die Auswahl der Links wurde sorgf\u00e4ltig vorgenommen, dennoch ist eine vollst\u00e4ndige Pr\u00fcfung und Kontrolle der Websites nicht m\u00f6glich. Diese Informationen und Daten dienen allein Informationszwecken, ohne dass sich auf die Aktualit\u00e4t, Richtigkeit oder Vollst\u00e4ndigkeit der Informationen berufen oder verlassen werden kann. F\u00fcr den Inhalt der Seiten ist ausschlie\u00dflich deren Betreiber verantwortlich, eine Haftung unsererseits ist daher ausgeschlossen. Anwender nutzen somit die anderen Websites auf eigene Gefahr.<\/p>\n\n\n\n<h3 class=\"wp-block-heading\">Einschr\u00e4nkung<\/h3>\n\n\n\n<p>Wir sind bem\u00fcht die Informationen auf unserer Website richtig und auf dem neuesten Stand zu halten, \u00fcbernehmen jedoch keinerlei Gew\u00e4hrleistung und Haftung f\u00fcr die Richtigkeit, Vollst\u00e4ndigkeit und Aktualit\u00e4t der Website. Irrt\u00fcmer werden vorbehalten.<\/p>\n\n\n\n<h3 class=\"wp-block-heading\">Urheberrechte<\/h3>\n\n\n\n<p>Alle Rechte sind an den dargestellten Informationen auf unserer Website vorbehalten. Es ist nicht erlaubt, Inhalte der Website ohne einer schriftliche Genehmigung f\u00fcr \u00f6ffentliche oder gewerbliche Zwecke zu nutzen. Die Inhalte und Bilder sind, soweit nicht gesondert vermerkt, Eigentum des Herausgebers und somit durch das Urheberrecht gesch\u00fctzt. Der widerrechtliche Gebrauch der Bilder auf dieser Homepage kann Urheberrechte, Markenrechte, Pers\u00f6nlichkeits- oder Publizit\u00e4tsrechte verletzen und wird zivil- sowie strafrechtlich verfolgt.<\/p>\n\n\n\n<h3 class=\"wp-block-heading\">Cookies<\/h3>\n\n\n\n<p>Diese Website verwendet Cookies. Ein Cookie speichert Informationen, die die Nutzung der Webseite verbessern.<\/p>\n\n\n\n<p>Mit dem Besuch auf www.afkdo-pottenstein.at gelten diese Nutzungsbedingungen als akzeptiert.<\/p>\n","protected":false},"excerpt":{"rendered":"<p>Links Die Website www.afkdo-pottenstein.at stellt Informationen und Daten auch mittels Hyperlinks, Informationen anderer Websites zur Verf\u00fcgung. Die Auswahl der Links wurde sorgf\u00e4ltig vorgenommen, dennoch ist eine vollst\u00e4ndige Pr\u00fcfung und Kontrolle der Websites nicht m\u00f6glich. Diese Informationen und Daten dienen allein Informationszwecken, ohne dass sich auf die Aktualit\u00e4t, Richtigkeit oder Vollst\u00e4ndigkeit der Informationen berufen oder verlassen werden kann. F\u00fcr den Inhalt [&#8230;]<\/p>\n","protected":false},"author":2,"featured_media":0,"parent":0,"menu_order":0,"comment_status":"closed","ping_status":"closed","template":"","meta":{"ngg_post_thumbnail":0,"footnotes":""},"class_list":["post-48","page","type-page","status-publish","hentry"],"_links":{"self":[{"href":"https:\/\/afkdo-pottenstein.at\/index.php?rest_route=\/wp\/v2\/pages\/48","targetHints":{"allow":["GET"]}}],"collection":[{"href":"https:\/\/afkdo-pottenstein.at\/index.php?rest_route=\/wp\/v2\/pages"}],"about":[{"href":"https:\/\/afkdo-pottenstein.at\/index.php?rest_route=\/wp\/v2\/types\/page"}],"author":[{"embeddable":true,"href":"https:\/\/afkdo-pottenstein.at\/index.php?rest_route=\/wp\/v2\/users\/2"}],"replies":[{"embeddable":true,"href":"https:\/\/afkdo-pottenstein.at\/index.php?rest_route=%2Fwp%2Fv2%2Fcomments&post=48"}],"version-history":[{"count":2,"href":"https:\/\/afkdo-pottenstein.at\/index.php?rest_route=\/wp\/v2\/pages\/48\/revisions"}],"predecessor-version":[{"id":120,"href":"https:\/\/afkdo-pottenstein.at\/index.php?rest_route=\/wp\/v2\/pages\/48\/revisions\/120"}],"wp:attachment":[{"href":"https:\/\/afkdo-pottenstein.at\/index.php?rest_route=%2Fwp%2Fv2%2Fmedia&parent=48"}],"curies":[{"name":"wp","href":"https:\/\/api.w.org\/{rel}","templated":true}]}}